{"id":32252,"date":"2017-06-15T11:39:21","date_gmt":"2017-06-15T05:39:21","guid":{"rendered":"https:\/\/www.gotobrno.cz\/brno-prakticky\/ubytovani-v-brne\/"},"modified":"2022-09-04T10:30:52","modified_gmt":"2022-09-04T08:30:52","slug":"unterkunft-in-bruenn","status":"publish","type":"page","link":"https:\/\/www.gotobrno.cz\/de\/bruenn-praktisch\/unterkunft-in-bruenn\/","title":{"rendered":"Unterkunft in Br\u00fcnn"},"content":{"rendered":"<p>\u00dcBERNACHTUNGSM\u00d6GLICHKEITEN IN BR\u00dcNN<\/p>\n<p style=\"text-align: left;\">Falls Sie planen, mehrere Tage in Br\u00fcnn zu verbringen, werden Ihnen die folgenden Links helfen, sich im breiten Angebot an lokalen Unterkunftsdienstleistungen zu orientieren.<\/p>\n<p style=\"text-align: left;\">Das Angebot an \u00dcbernachtungsm\u00f6glichkeiten in Br\u00fcnn ist breit, sowohl ein Rucksackreisender als auch ein Promi mit vergoldeten Koffern werden hier f\u00fcndig. F\u00fcr diejenigen, denen etwas weniger Privatsph\u00e4re nichts ausmacht und die nicht beabsichtigen, die meiste Zeit auf dem Zimmer zu verbringen, empfehlen wir einige der Br\u00fcnner Hostels. Ein besonderes und liebensw\u00fcrdiges Konzept bietet zum Beispiel das Hostel \u201eMitte\u201c mit einem tollen Caf\u00e9 gleich nebenan. Zu weiteren beliebten Hostels geh\u00f6ren das \u00fcber dem Musikclub \u201eFl\u00e9da\u201c in der \u0160tef\u00e1nikov\u00e1-Stra\u00dfe,\u00a0 \u201eEleven\u201c, \u201eJacob\u201c oder \u201eU\u00a0Minorit\u016f\u201c. Das vollst\u00e4ndige Verzeichnis ist auf <a href=\"http:\/\/www.hostels.com\/\" target=\"_blank\" rel=\"noopener noreferrer\">www.hostels.com<\/a> verf\u00fcgbar.<\/p>\n<p style=\"text-align: left;\">F\u00fcr noch Abenteuerlustigere bietet Br\u00fcnn auch \u00dcbernachtungsm\u00f6glichkeiten in Camps. In der Umgebung der Stadt finden Sie \u00fcber zwanzig Campingpl\u00e4tze und wir empfehlen insbesondere die in der N\u00e4he der Br\u00fcnner Talsperre auszuprobieren. Ge\u00f6ffnet sind sie meist w\u00e4hrend der Sommersaison und eine Auflistung dieser finden Sie unter <a href=\"http:\/\/www.camp.cz\/en\/\" target=\"_blank\" rel=\"noopener noreferrer\">www.camp.cz<\/a>.<\/p>\n<p style=\"text-align: left;\">Eine sp\u00fcrbar komfortablere, aber daf\u00fcr auch teurere Variante bieten zahlreiche Pensionen, Apartments und vor allem <a href=\"https:\/\/www.booking.com\/searchresults.de.html?label=gen173nr-1FCAEoggJCAlhYSDNiBW5vcmVmaDqIAQGYAQXCAQp3aW5kb3dzIDEwyAEM2AEB6AEB-AELkgIBeagCAw&amp;sid=223c55109bd1f889932270a9a2fc6218&amp;class_interval=1&amp;dest_id=205230&amp;dest_type=landmark&amp;dtdisc=0&amp;group_adults=2&amp;group_children=0&amp;inac=0&amp;index_postcard=0&amp;label_click=undef&amp;lang=de&amp;no_rooms=1&amp;offset=0&amp;postcard=0&amp;room1=A%2CA&amp;sb_price_type=total&amp;search_pageview_id=b7f792b5e0020249&amp;soz=1&amp;src=index&amp;src_elem=sb&amp;srpvid=e3255451932500a7&amp;ss=Brno&amp;ss_all=0&amp;ssb=empty&amp;sshis=0&amp;lang_click=top&amp;cdl=cs&amp;lang_changed=1&amp;nflt=\" target=\"_blank\" rel=\"noopener noreferrer\">Hotels<\/a>, wobei hier alle Sternenanzahlen vertreten sind.\u00a0Sie k\u00f6nnen sich etwas direkt im Zentrum ausw\u00e4hlen, aber auch in ruhigeren und abgelegeneren Stadtteilen ist das Angebot gro\u00df.\u00a0Im Kommen sind auch Boutique- und Wellness-Einrichtungen, die Komfort und Platz f\u00fcr Entspannung bieten. Aufgrund der Tatsache, dass Br\u00fcnn auch als Messestadt angesehen wird, ist dementsprechend auch das Angebot an Unterkunftsm\u00f6glichkeiten angepasst.\u00a0Rund um das Br\u00fcnner Messegel\u00e4nde befinden sich mehrere Kongresshotels, die ausreichenden Komfort und einen einfachen Zugang zu konkreten Pavillons bieten. Gerade in den Zeiten, wenn gr\u00f6\u00dfere Messen stattfinden, ebenso wie w\u00e4hrend des Grand Prix der Tschechischen Republik oder gr\u00f6\u00dferen Sommerfestivals, empfehlen wir, die Unterkunft fr\u00fchzeitig im Voraus zu w\u00e4hlen und zu buchen.\u00a0Konkrete Br\u00fcnner TOP-Veranstaltungen finden Sie <a href=\"https:\/\/www.gotobrno.cz\/de\/veranstaltungen\/?cat=top-veranstaltung\">hier<\/a>.<\/p>\n","protected":false},"excerpt":{"rendered":"\u00dcBERNACHTUNGSM\u00d6GLICHKEITEN IN BR\u00dcNN Falls Sie planen, mehrere Tage in Br\u00fcnn zu verbringen, werden Ihnen die folgenden Links helfen, sich im breiten Angebot an lokalen Unterkunftsdienstleistungen zu orientieren. Das Angebot an \u00dcbernachtungsm\u00f6glichkeiten in Br\u00fcnn ist breit, sowohl ein Rucksackreisender als auch ein Promi mit vergoldeten Koffern werden hier f\u00fcndig. F\u00fcr diejenigen,","protected":false},"author":13,"featured_media":0,"parent":32248,"menu_order":0,"comment_status":"closed","ping_status":"closed","template":"template-accommodations.php","meta":[],"acf":[],"_links":{"self":[{"href":"https:\/\/www.gotobrno.cz\/de\/wp-json\/wp\/v2\/pages\/32252"}],"collection":[{"href":"https:\/\/www.gotobrno.cz\/de\/wp-json\/wp\/v2\/pages"}],"about":[{"href":"https:\/\/www.gotobrno.cz\/de\/wp-json\/wp\/v2\/types\/page"}],"author":[{"embeddable":true,"href":"https:\/\/www.gotobrno.cz\/de\/wp-json\/wp\/v2\/users\/13"}],"replies":[{"embeddable":true,"href":"https:\/\/www.gotobrno.cz\/de\/wp-json\/wp\/v2\/comments?post=32252"}],"version-history":[{"count":1,"href":"https:\/\/www.gotobrno.cz\/de\/wp-json\/wp\/v2\/pages\/32252\/revisions"}],"predecessor-version":[{"id":164369,"href":"https:\/\/www.gotobrno.cz\/de\/wp-json\/wp\/v2\/pages\/32252\/revisions\/164369"}],"up":[{"embeddable":true,"href":"https:\/\/www.gotobrno.cz\/de\/wp-json\/wp\/v2\/pages\/32248"}],"wp:attachment":[{"href":"https:\/\/www.gotobrno.cz\/de\/wp-json\/wp\/v2\/media?parent=32252"}],"curies":[{"name":"wp","href":"https:\/\/api.w.org\/{rel}","templated":true}]}}